{"id":2628,"date":"2022-11-22T09:23:52","date_gmt":"2022-11-22T09:23:52","guid":{"rendered":"https:\/\/www.brasilia.coffee\/?page_id=2628"},"modified":"2025-01-23T14:32:25","modified_gmt":"2025-01-23T14:32:25","slug":"bianchi-industry-after-sales","status":"publish","type":"page","link":"https:\/\/www.brasilia.coffee\/es\/bianchi-industry-after-sales\/","title":{"rendered":"Bianchi Industry After Sales"},"content":{"rendered":"<p>Un equipo de profesionales comprometidos, que trabajan todos los d\u00edas para garantizar a lo largo del tiempo las mejores prestaciones de todos los productos de Bianchi Vending y Brasilia . A lo largo de los a\u00f1os, la divisi\u00f3n de postventa de Bianchi Industry ha tenido un contacto cada vez m\u00e1s estrecho con el mundo comercial del grupo: hoy, a trav\u00e9s del portal B2B, proporciona al cliente un servicio directo para la solicitud y compra de piezas de repuesto, mientras los canales tradicionales permanecen activos para el servicio de reparaci\u00f3n de las tarjetas electr\u00f3nicas Bianchi y otros fabricantes, y asistencia y reparaci\u00f3n de la gama de sistemas de pago.<br \/>\nEl objetivo de Bianchi Industry After Sales es aumentar la eficiencia del grupo en la gesti\u00f3n de repuestos y, en general, del servicio posventa. Para garantizar un mayor control de los productos, se ha desarrollado un laboratorio electr\u00f3nico que trabaja en colaboraci\u00f3n con la divisi\u00f3n de I + D y con el departamento de electr\u00f3nica de Bianchi Industry.<\/p>\n<p><strong>Distribuidor de piezas de repuesto<\/strong><\/p>\n<ul style=\"padding: 0 0 25px 20px;\">\n<li>Servicio para la gesti\u00f3n y distribuci\u00f3n de repuestos para las marcas Bianchi Vending y Brasilia, tanto directamente como a trav\u00e9s del portal B2B accesible a trav\u00e9s del inicio de sesi\u00f3n. Permite pedir repuestos en l\u00ednea y cargar la documentaci\u00f3n t\u00e9cnica.<\/li>\n<li>Creaci\u00f3n de kits de piezas de repuesto para el cliente individual.<\/li>\n<li>Suministro de recambios gen\u00e9ricos (p. Ej., V\u00e1lvulas solenoides compatibles con otras marcas).<\/li>\n<li>An\u00e1lisis de la cartera de repuestos y servicios asociados.<\/li>\n<\/ul>\n<p><strong>Reparaci\u00f3n<\/strong><\/p>\n<ul style=\"padding: 0 0 25px 20px;\">\n<li>Servicio de reparaci\u00f3n de placas electr\u00f3nicas Bianchi Industry y de otros fabricantes.<\/li>\n<li>Asistencia y reparaci\u00f3n de sistemas de pago.<\/li>\n<\/ul>\n<p class=\"text-highlight\"><strong>APLICACI\u00d3N \u00abAREA SERVICE\u00bb<\/strong><\/p>\n<p>Ahora puedes comprar tus recambios Bianchi Vending o Brasilia desde un smartphone o tablet gracias a la nueva aplicaci\u00f3n \u00abArea Service\u00bb, disponible para iOS y Android. Esta nueva aplicaci\u00f3n te permite utilizar nuestra tienda en linea, ahora mejorada con nueva informaci\u00f3n, donse sea que est\u00e9s y no solo desde tu oficina.<br \/>\nPara acceder a la tienda en linea a trav\u00e9s de la aplicaci\u00f3n \u00abArea Service\u00bb, simplemente accede con las mismas credenciales que usas para iniciar sesi\u00f3n desde tu PC. Y si a\u00fan tienes que registrarte, accede inmediatamente en el \u00e1rea reservada de bianchiindustry.com y completa el formulario espec\u00edfico de la tienda en linea.<br \/>\nAdem\u00e1s de realizar pedidos, descargar la documentaci\u00f3n de la m\u00e1quina y descubrir todos nuestros servicios, la aplicaci\u00f3n \u00abArea Service\u00bb simplifica tu trabajo con numerosas funciones inteligentes. Por ejemplo, puedes acceder de un vistazo a toda la documentaci\u00f3n de tu distribuidor con solo fotografiar su c\u00f3digo de barras, sin tener que insertar la referencia manualmente.<\/p>\n<p>Descarga ahora \u00abArea Service\u00bb y descubre lo sencillo que es llevar toda la informaci\u00f3n siempre contigo.<\/p>\n<div class=\"row\">\n<div class=\"col-sm-4\" style=\"margin-bottom: 10px;\"><a href=\"https:\/\/itunes.apple.com\/gb\/app\/bianchi-industry-area-service\/id1133994842?mt=8\"><img loading=\"lazy\" decoding=\"async\" class=\"alignnone size-full wp-image-155\" src=\"https:\/\/www.brasilia.coffee\/wp-content\/uploads\/2022\/11\/download.jpg\" alt=\"\" width=\"60\" height=\"50\" \/> Descarga la aplicaci\u00f3n para iOS<\/a><\/div>\n<div class=\"col-sm-4\" style=\"margin-bottom: 10px;\"><a href=\"https:\/\/play.google.com\/store\/apps\/details?id=it.topgraf.mobile.bianchiindustry\"><img loading=\"lazy\" decoding=\"async\" class=\"alignnone size-full wp-image-155\" src=\"https:\/\/www.brasilia.coffee\/wp-content\/uploads\/2022\/11\/download.jpg\" alt=\"\" width=\"60\" height=\"50\" \/>Descarga la aplicaci\u00f3n para\u00a0Android<\/a><\/div>\n<\/div>\n<p>&nbsp;<\/p>\n<p><strong>Bianchi Industry After Sales Srl<\/strong><\/p>\n<p><i class=\"fal fa-map-marker-alt\" style=\"margin-right: 5px;\" aria-hidden=\"true\"><\/i> Via Primo Maggio 6, 10043 Orbassano, Torino, Italy<br \/>\n<i class=\"fal fa-envelope\" style=\"margin-right: 5px;\" aria-hidden=\"true\"><\/i> <a href=\"mailto:info.bias@bianchiindustry.com\">info.bias@bianchiindustry.com<\/a><br \/>\n<i class=\"fal fa-phone\" style=\"margin-right: 5px;\" aria-hidden=\"true\"><\/i> t. +39.011.902.3830, f. +39.011.900.0578<\/p>\n","protected":false},"excerpt":{"rendered":"<p>Un equipo de profesionales comprometidos, que trabajan todos los d\u00edas para garantizar a lo largo del tiempo las mejores prestaciones de todos los productos de Bianchi Vending y Brasilia . A lo largo de los a\u00f1os, la divisi\u00f3n de postventa de Bianchi Industry ha tenido un contacto cada vez m\u00e1s estrecho con el mundo comercial [&hellip;]<\/p>\n","protected":false},"author":1,"featured_media":2968,"parent":0,"menu_order":0,"comment_status":"closed","ping_status":"closed","template":"page-after-sales.php","meta":{"_acf_changed":false,"inline_featured_image":false,"footnotes":""},"class_list":["post-2628","page","type-page","status-publish","has-post-thumbnail","hentry"],"acf":[],"yoast_head":"<!-- This site is optimized with the Yoast SEO plugin v24.0 - https:\/\/yoast.com\/wordpress\/plugins\/seo\/ -->\n<title>After Sales: assistenza tecnica post vendita - Brasilia<\/title>\n<meta name=\"description\" content=\"Brasilia After Sales fornisce servizi di assistenza post vendita a tutti i clienti della famiglia Bianchi Industry.\" \/>\n<meta name=\"robots\" content=\"index, follow, max-snippet:-1, max-image-preview:large, max-video-preview:-1\" \/>\n<link rel=\"canonical\" href=\"https:\/\/www.brasilia.coffee\/es\/bianchi-industry-after-sales\/\" \/>\n<meta property=\"og:locale\" content=\"es_ES\" \/>\n<meta property=\"og:type\" content=\"article\" \/>\n<meta property=\"og:title\" content=\"After Sales: assistenza tecnica post vendita - Brasilia\" \/>\n<meta property=\"og:description\" content=\"Brasilia After Sales fornisce servizi di assistenza post vendita a tutti i clienti della famiglia Bianchi Industry.\" \/>\n<meta property=\"og:url\" content=\"https:\/\/www.brasilia.coffee\/es\/bianchi-industry-after-sales\/\" \/>\n<meta property=\"og:site_name\" content=\"Brasilia\" \/>\n<meta property=\"article:modified_time\" content=\"2025-01-23T14:32:25+00:00\" \/>\n<meta property=\"og:image\" content=\"https:\/\/www.brasilia.coffee\/wp-content\/uploads\/2024\/12\/after-sales-banner.jpg\" \/>\n\t<meta property=\"og:image:width\" content=\"2048\" \/>\n\t<meta property=\"og:image:height\" content=\"1338\" \/>\n\t<meta property=\"og:image:type\" content=\"image\/jpeg\" \/>\n<meta name=\"twitter:card\" content=\"summary_large_image\" \/>\n<meta name=\"twitter:label1\" content=\"Tiempo de lectura\" \/>\n\t<meta name=\"twitter:data1\" content=\"4 minutos\" \/>\n<script type=\"application\/ld+json\" class=\"yoast-schema-graph\">{\"@context\":\"https:\/\/schema.org\",\"@graph\":[{\"@type\":\"WebPage\",\"@id\":\"https:\/\/www.brasilia.coffee\/es\/bianchi-industry-after-sales\/\",\"url\":\"https:\/\/www.brasilia.coffee\/es\/bianchi-industry-after-sales\/\",\"name\":\"After Sales: assistenza tecnica post vendita - Brasilia\",\"isPartOf\":{\"@id\":\"https:\/\/www.brasilia.coffee\/#website\"},\"primaryImageOfPage\":{\"@id\":\"https:\/\/www.brasilia.coffee\/es\/bianchi-industry-after-sales\/#primaryimage\"},\"image\":{\"@id\":\"https:\/\/www.brasilia.coffee\/es\/bianchi-industry-after-sales\/#primaryimage\"},\"thumbnailUrl\":\"https:\/\/www.brasilia.coffee\/wp-content\/uploads\/2024\/12\/after-sales-banner.jpg\",\"datePublished\":\"2022-11-22T09:23:52+00:00\",\"dateModified\":\"2025-01-23T14:32:25+00:00\",\"description\":\"Brasilia After Sales fornisce servizi di assistenza post vendita a tutti i clienti della famiglia Bianchi Industry.\",\"inLanguage\":\"es\",\"potentialAction\":[{\"@type\":\"ReadAction\",\"target\":[\"https:\/\/www.brasilia.coffee\/es\/bianchi-industry-after-sales\/\"]}]},{\"@type\":\"ImageObject\",\"inLanguage\":\"es\",\"@id\":\"https:\/\/www.brasilia.coffee\/es\/bianchi-industry-after-sales\/#primaryimage\",\"url\":\"https:\/\/www.brasilia.coffee\/wp-content\/uploads\/2024\/12\/after-sales-banner.jpg\",\"contentUrl\":\"https:\/\/www.brasilia.coffee\/wp-content\/uploads\/2024\/12\/after-sales-banner.jpg\",\"width\":2048,\"height\":1338},{\"@type\":\"WebSite\",\"@id\":\"https:\/\/www.brasilia.coffee\/#website\",\"url\":\"https:\/\/www.brasilia.coffee\/\",\"name\":\"Brasilia\",\"description\":\"\",\"potentialAction\":[{\"@type\":\"SearchAction\",\"target\":{\"@type\":\"EntryPoint\",\"urlTemplate\":\"https:\/\/www.brasilia.coffee\/?s={search_term_string}\"},\"query-input\":{\"@type\":\"PropertyValueSpecification\",\"valueRequired\":true,\"valueName\":\"search_term_string\"}}],\"inLanguage\":\"es\"}]}<\/script>\n<!-- \/ Yoast SEO plugin. -->","yoast_head_json":{"title":"After Sales: assistenza tecnica post vendita - Brasilia","description":"Brasilia After Sales fornisce servizi di assistenza post vendita a tutti i clienti della famiglia Bianchi Industry.","robots":{"index":"index","follow":"follow","max-snippet":"max-snippet:-1","max-image-preview":"max-image-preview:large","max-video-preview":"max-video-preview:-1"},"canonical":"https:\/\/www.brasilia.coffee\/es\/bianchi-industry-after-sales\/","og_locale":"es_ES","og_type":"article","og_title":"After Sales: assistenza tecnica post vendita - Brasilia","og_description":"Brasilia After Sales fornisce servizi di assistenza post vendita a tutti i clienti della famiglia Bianchi Industry.","og_url":"https:\/\/www.brasilia.coffee\/es\/bianchi-industry-after-sales\/","og_site_name":"Brasilia","article_modified_time":"2025-01-23T14:32:25+00:00","og_image":[{"width":2048,"height":1338,"url":"https:\/\/www.brasilia.coffee\/wp-content\/uploads\/2024\/12\/after-sales-banner.jpg","type":"image\/jpeg"}],"twitter_card":"summary_large_image","twitter_misc":{"Tiempo de lectura":"4 minutos"},"schema":{"@context":"https:\/\/schema.org","@graph":[{"@type":"WebPage","@id":"https:\/\/www.brasilia.coffee\/es\/bianchi-industry-after-sales\/","url":"https:\/\/www.brasilia.coffee\/es\/bianchi-industry-after-sales\/","name":"After Sales: assistenza tecnica post vendita - Brasilia","isPartOf":{"@id":"https:\/\/www.brasilia.coffee\/#website"},"primaryImageOfPage":{"@id":"https:\/\/www.brasilia.coffee\/es\/bianchi-industry-after-sales\/#primaryimage"},"image":{"@id":"https:\/\/www.brasilia.coffee\/es\/bianchi-industry-after-sales\/#primaryimage"},"thumbnailUrl":"https:\/\/www.brasilia.coffee\/wp-content\/uploads\/2024\/12\/after-sales-banner.jpg","datePublished":"2022-11-22T09:23:52+00:00","dateModified":"2025-01-23T14:32:25+00:00","description":"Brasilia After Sales fornisce servizi di assistenza post vendita a tutti i clienti della famiglia Bianchi Industry.","inLanguage":"es","potentialAction":[{"@type":"ReadAction","target":["https:\/\/www.brasilia.coffee\/es\/bianchi-industry-after-sales\/"]}]},{"@type":"ImageObject","inLanguage":"es","@id":"https:\/\/www.brasilia.coffee\/es\/bianchi-industry-after-sales\/#primaryimage","url":"https:\/\/www.brasilia.coffee\/wp-content\/uploads\/2024\/12\/after-sales-banner.jpg","contentUrl":"https:\/\/www.brasilia.coffee\/wp-content\/uploads\/2024\/12\/after-sales-banner.jpg","width":2048,"height":1338},{"@type":"WebSite","@id":"https:\/\/www.brasilia.coffee\/#website","url":"https:\/\/www.brasilia.coffee\/","name":"Brasilia","description":"","potentialAction":[{"@type":"SearchAction","target":{"@type":"EntryPoint","urlTemplate":"https:\/\/www.brasilia.coffee\/?s={search_term_string}"},"query-input":{"@type":"PropertyValueSpecification","valueRequired":true,"valueName":"search_term_string"}}],"inLanguage":"es"}]}},"_links":{"self":[{"href":"https:\/\/www.brasilia.coffee\/es\/wp-json\/wp\/v2\/pages\/2628","targetHints":{"allow":["GET"]}}],"collection":[{"href":"https:\/\/www.brasilia.coffee\/es\/wp-json\/wp\/v2\/pages"}],"about":[{"href":"https:\/\/www.brasilia.coffee\/es\/wp-json\/wp\/v2\/types\/page"}],"author":[{"embeddable":true,"href":"https:\/\/www.brasilia.coffee\/es\/wp-json\/wp\/v2\/users\/1"}],"replies":[{"embeddable":true,"href":"https:\/\/www.brasilia.coffee\/es\/wp-json\/wp\/v2\/comments?post=2628"}],"version-history":[{"count":2,"href":"https:\/\/www.brasilia.coffee\/es\/wp-json\/wp\/v2\/pages\/2628\/revisions"}],"predecessor-version":[{"id":3853,"href":"https:\/\/www.brasilia.coffee\/es\/wp-json\/wp\/v2\/pages\/2628\/revisions\/3853"}],"wp:featuredmedia":[{"embeddable":true,"href":"https:\/\/www.brasilia.coffee\/es\/wp-json\/wp\/v2\/media\/2968"}],"wp:attachment":[{"href":"https:\/\/www.brasilia.coffee\/es\/wp-json\/wp\/v2\/media?parent=2628"}],"curies":[{"name":"wp","href":"https:\/\/api.w.org\/{rel}","templated":true}]}}