{"id":2641,"date":"2022-11-22T16:23:57","date_gmt":"2022-11-22T16:23:57","guid":{"rendered":"https:\/\/www.brasilia.coffee\/?page_id=2641"},"modified":"2024-12-19T16:14:28","modified_gmt":"2024-12-19T16:14:28","slug":"travailler-a-nos-cotes","status":"publish","type":"page","link":"https:\/\/www.brasilia.coffee\/fr\/travailler-a-nos-cotes\/","title":{"rendered":"Travailler \u00e0 nos c\u00f4t\u00e9s"},"content":{"rendered":"<p>Remplissez le formulaire ou visitez notre profil\u00a0<a class=\"text-decoration-underline text-extra-dark-gray\" href=\"https:\/\/www.linkedin.com\/company\/bianchiindustry\/\" target=\"_blank\" rel=\"noopener\">Linkedin<\/a> pour voir les postes ouverts.<\/p>\n","protected":false},"excerpt":{"rendered":"<p>Remplissez le formulaire ou visitez notre profil\u00a0Linkedin pour voir les postes ouverts.<\/p>\n","protected":false},"author":1,"featured_media":2643,"parent":0,"menu_order":0,"comment_status":"closed","ping_status":"closed","template":"page-lavora-con-noi.php","meta":{"_acf_changed":false,"inline_featured_image":false,"footnotes":""},"class_list":["post-2641","page","type-page","status-publish","has-post-thumbnail","hentry"],"acf":[],"yoast_head":"<!-- This site is optimized with the Yoast SEO plugin v24.0 - https:\/\/yoast.com\/wordpress\/plugins\/seo\/ -->\n<title>Travailler \u00e0 nos c\u00f4t\u00e9s - Brasilia<\/title>\n<meta name=\"robots\" content=\"index, follow, max-snippet:-1, max-image-preview:large, max-video-preview:-1\" \/>\n<link rel=\"canonical\" href=\"https:\/\/www.brasilia.coffee\/fr\/travailler-a-nos-cotes\/\" \/>\n<meta property=\"og:locale\" content=\"fr_FR\" \/>\n<meta property=\"og:type\" content=\"article\" \/>\n<meta property=\"og:title\" content=\"Travailler \u00e0 nos c\u00f4t\u00e9s - Brasilia\" \/>\n<meta property=\"og:description\" content=\"Remplissez le formulaire ou visitez notre profil\u00a0Linkedin pour voir les postes ouverts.\" \/>\n<meta property=\"og:url\" content=\"https:\/\/www.brasilia.coffee\/fr\/travailler-a-nos-cotes\/\" \/>\n<meta property=\"og:site_name\" content=\"Brasilia\" \/>\n<meta property=\"article:modified_time\" content=\"2024-12-19T16:14:28+00:00\" \/>\n<meta property=\"og:image\" content=\"https:\/\/www.brasilia.coffee\/wp-content\/uploads\/2022\/11\/iStock-1324834639-ridimensionata2-scaled-1.jpg\" \/>\n\t<meta property=\"og:image:width\" content=\"2560\" \/>\n\t<meta property=\"og:image:height\" content=\"1130\" \/>\n\t<meta property=\"og:image:type\" content=\"image\/jpeg\" \/>\n<meta name=\"twitter:card\" content=\"summary_large_image\" \/>\n<meta name=\"twitter:label1\" content=\"Dur\u00e9e de lecture estim\u00e9e\" \/>\n\t<meta name=\"twitter:data1\" content=\"1 minute\" \/>\n<script type=\"application\/ld+json\" class=\"yoast-schema-graph\">{\"@context\":\"https:\/\/schema.org\",\"@graph\":[{\"@type\":\"WebPage\",\"@id\":\"https:\/\/www.brasilia.coffee\/fr\/travailler-a-nos-cotes\/\",\"url\":\"https:\/\/www.brasilia.coffee\/fr\/travailler-a-nos-cotes\/\",\"name\":\"Travailler \u00e0 nos c\u00f4t\u00e9s - Brasilia\",\"isPartOf\":{\"@id\":\"https:\/\/www.brasilia.coffee\/#website\"},\"primaryImageOfPage\":{\"@id\":\"https:\/\/www.brasilia.coffee\/fr\/travailler-a-nos-cotes\/#primaryimage\"},\"image\":{\"@id\":\"https:\/\/www.brasilia.coffee\/fr\/travailler-a-nos-cotes\/#primaryimage\"},\"thumbnailUrl\":\"https:\/\/www.brasilia.coffee\/wp-content\/uploads\/2022\/11\/iStock-1324834639-ridimensionata2-scaled-1.jpg\",\"datePublished\":\"2022-11-22T16:23:57+00:00\",\"dateModified\":\"2024-12-19T16:14:28+00:00\",\"inLanguage\":\"fr-FR\",\"potentialAction\":[{\"@type\":\"ReadAction\",\"target\":[\"https:\/\/www.brasilia.coffee\/fr\/travailler-a-nos-cotes\/\"]}]},{\"@type\":\"ImageObject\",\"inLanguage\":\"fr-FR\",\"@id\":\"https:\/\/www.brasilia.coffee\/fr\/travailler-a-nos-cotes\/#primaryimage\",\"url\":\"https:\/\/www.brasilia.coffee\/wp-content\/uploads\/2022\/11\/iStock-1324834639-ridimensionata2-scaled-1.jpg\",\"contentUrl\":\"https:\/\/www.brasilia.coffee\/wp-content\/uploads\/2022\/11\/iStock-1324834639-ridimensionata2-scaled-1.jpg\",\"width\":2560,\"height\":1130},{\"@type\":\"WebSite\",\"@id\":\"https:\/\/www.brasilia.coffee\/#website\",\"url\":\"https:\/\/www.brasilia.coffee\/\",\"name\":\"Brasilia\",\"description\":\"\",\"potentialAction\":[{\"@type\":\"SearchAction\",\"target\":{\"@type\":\"EntryPoint\",\"urlTemplate\":\"https:\/\/www.brasilia.coffee\/?s={search_term_string}\"},\"query-input\":{\"@type\":\"PropertyValueSpecification\",\"valueRequired\":true,\"valueName\":\"search_term_string\"}}],\"inLanguage\":\"fr-FR\"}]}<\/script>\n<!-- \/ Yoast SEO plugin. -->","yoast_head_json":{"title":"Travailler \u00e0 nos c\u00f4t\u00e9s - Brasilia","robots":{"index":"index","follow":"follow","max-snippet":"max-snippet:-1","max-image-preview":"max-image-preview:large","max-video-preview":"max-video-preview:-1"},"canonical":"https:\/\/www.brasilia.coffee\/fr\/travailler-a-nos-cotes\/","og_locale":"fr_FR","og_type":"article","og_title":"Travailler \u00e0 nos c\u00f4t\u00e9s - Brasilia","og_description":"Remplissez le formulaire ou visitez notre profil\u00a0Linkedin pour voir les postes ouverts.","og_url":"https:\/\/www.brasilia.coffee\/fr\/travailler-a-nos-cotes\/","og_site_name":"Brasilia","article_modified_time":"2024-12-19T16:14:28+00:00","og_image":[{"width":2560,"height":1130,"url":"https:\/\/www.brasilia.coffee\/wp-content\/uploads\/2022\/11\/iStock-1324834639-ridimensionata2-scaled-1.jpg","type":"image\/jpeg"}],"twitter_card":"summary_large_image","twitter_misc":{"Dur\u00e9e de lecture estim\u00e9e":"1 minute"},"schema":{"@context":"https:\/\/schema.org","@graph":[{"@type":"WebPage","@id":"https:\/\/www.brasilia.coffee\/fr\/travailler-a-nos-cotes\/","url":"https:\/\/www.brasilia.coffee\/fr\/travailler-a-nos-cotes\/","name":"Travailler \u00e0 nos c\u00f4t\u00e9s - Brasilia","isPartOf":{"@id":"https:\/\/www.brasilia.coffee\/#website"},"primaryImageOfPage":{"@id":"https:\/\/www.brasilia.coffee\/fr\/travailler-a-nos-cotes\/#primaryimage"},"image":{"@id":"https:\/\/www.brasilia.coffee\/fr\/travailler-a-nos-cotes\/#primaryimage"},"thumbnailUrl":"https:\/\/www.brasilia.coffee\/wp-content\/uploads\/2022\/11\/iStock-1324834639-ridimensionata2-scaled-1.jpg","datePublished":"2022-11-22T16:23:57+00:00","dateModified":"2024-12-19T16:14:28+00:00","inLanguage":"fr-FR","potentialAction":[{"@type":"ReadAction","target":["https:\/\/www.brasilia.coffee\/fr\/travailler-a-nos-cotes\/"]}]},{"@type":"ImageObject","inLanguage":"fr-FR","@id":"https:\/\/www.brasilia.coffee\/fr\/travailler-a-nos-cotes\/#primaryimage","url":"https:\/\/www.brasilia.coffee\/wp-content\/uploads\/2022\/11\/iStock-1324834639-ridimensionata2-scaled-1.jpg","contentUrl":"https:\/\/www.brasilia.coffee\/wp-content\/uploads\/2022\/11\/iStock-1324834639-ridimensionata2-scaled-1.jpg","width":2560,"height":1130},{"@type":"WebSite","@id":"https:\/\/www.brasilia.coffee\/#website","url":"https:\/\/www.brasilia.coffee\/","name":"Brasilia","description":"","potentialAction":[{"@type":"SearchAction","target":{"@type":"EntryPoint","urlTemplate":"https:\/\/www.brasilia.coffee\/?s={search_term_string}"},"query-input":{"@type":"PropertyValueSpecification","valueRequired":true,"valueName":"search_term_string"}}],"inLanguage":"fr-FR"}]}},"_links":{"self":[{"href":"https:\/\/www.brasilia.coffee\/fr\/wp-json\/wp\/v2\/pages\/2641","targetHints":{"allow":["GET"]}}],"collection":[{"href":"https:\/\/www.brasilia.coffee\/fr\/wp-json\/wp\/v2\/pages"}],"about":[{"href":"https:\/\/www.brasilia.coffee\/fr\/wp-json\/wp\/v2\/types\/page"}],"author":[{"embeddable":true,"href":"https:\/\/www.brasilia.coffee\/fr\/wp-json\/wp\/v2\/users\/1"}],"replies":[{"embeddable":true,"href":"https:\/\/www.brasilia.coffee\/fr\/wp-json\/wp\/v2\/comments?post=2641"}],"version-history":[{"count":2,"href":"https:\/\/www.brasilia.coffee\/fr\/wp-json\/wp\/v2\/pages\/2641\/revisions"}],"predecessor-version":[{"id":3467,"href":"https:\/\/www.brasilia.coffee\/fr\/wp-json\/wp\/v2\/pages\/2641\/revisions\/3467"}],"wp:featuredmedia":[{"embeddable":true,"href":"https:\/\/www.brasilia.coffee\/fr\/wp-json\/wp\/v2\/media\/2643"}],"wp:attachment":[{"href":"https:\/\/www.brasilia.coffee\/fr\/wp-json\/wp\/v2\/media?parent=2641"}],"curies":[{"name":"wp","href":"https:\/\/api.w.org\/{rel}","templated":true}]}}